{"id":991,"date":"2020-09-15T07:17:35","date_gmt":"2020-09-15T05:17:35","guid":{"rendered":"http:\/\/soderberga.se\/?page_id=991"},"modified":"2022-12-21T14:12:51","modified_gmt":"2022-12-21T13:12:51","slug":"tidigare-soderbergabladet","status":"publish","type":"page","link":"https:\/\/soderberga.se\/?page_id=991","title":{"rendered":"Tidigare S\u00f6derbergabladet"},"content":{"rendered":"\n<p>H\u00e4r hittar du tidigare S\u00f6derbergabladet.<\/p>\n\n\n\n<p><p><a href=\"https:\/\/soderberga.se\/wp-content\/uploads\/2021\/12\/SODERBERGABLADET_december.pdf\">S\u00f6derbergabladet f\u00f6r december 2021<\/a><br><a href=\"https:\/\/soderberga.se\/wp-content\/uploads\/2021\/11\/SODERBERGABLADET_november.pdf\">S\u00f6derbergabladet f\u00f6r november 2021<\/a><br><a href=\"https:\/\/soderberga.se\/wp-content\/uploads\/2021\/10\/SODERBERGABLADET_oktober.pdf\">S\u00f6derbergabladet f\u00f6r oktober 2021<\/a><br><a href=\"https:\/\/soderberga.se\/wp-content\/uploads\/2021\/09\/SODERBERGABLADET_september_hemsidan.pdf\">S\u00f6derbergabladet f\u00f6r september 2021<\/a><br><a href=\"https:\/\/soderberga.se\/wp-content\/uploads\/2021\/08\/SODERBERGABLADET_augusti.pdf\">S\u00f6derbergabladet f\u00f6r augusti 2021<\/a><br><a ref=\"https:\/\/soderberga.se\/wp-content\/uploads\/2021\/06\/SODERBERGABLADET_juni.pdf\">S\u00f6derbergabladet f\u00f6r juni 2021<\/a><br><a href=\"https:\/\/soderberga.se\/wp-content\/uploads\/2021\/05\/SODERBERGABLADET_maj.pdf\">S\u00f6derbergabladet f\u00f6r maj 2021<\/a><br><a href=\"https:\/\/soderberga.se\/wp-content\/uploads\/2021\/04\/SODERBERGABLADET_april.pdf\">S\u00f6derbergabladet f\u00f6r april 2021<\/a><br><a href=\"https:\/\/soderberga.se\/wp-content\/uploads\/2021\/03\/SODERBERGABLADET_mars.pdf\">S\u00f6derbergabladet f\u00f6r mars 2021<\/a><br><a href=\"https:\/\/soderberga.se\/wp-content\/uploads\/2021\/02\/SODERBERGABLADET_feb.pdf\">S\u00f6derbergabladet f\u00f6r februari 2021<\/a><br><a href=\"https:\/\/soderberga.se\/wp-content\/uploads\/2021\/01\/SODERBERGABLADET_jan.pdf\">S\u00f6derbergabladet f\u00f6r januari 2021<\/a><br><a href=\"https:\/\/soderberga.se\/wp-content\/uploads\/2020\/12\/SODERBERGABLADET_dec.pdf\">S\u00f6derbergabladet f\u00f6r december 2020<\/a><br><a href=\"https:\/\/soderberga.se\/wp-content\/uploads\/2020\/11\/SODERBERGABLADET_nov.pdf\">S\u00f6derbergabladet f\u00f6r november 2020<\/a><br><a href=\"https:\/\/soderberga.se\/wp-content\/uploads\/2020\/10\/SODERBERGABLADET_okt.pdf\">S\u00f6derbergabladet f\u00f6r oktober 2020<\/a><br><a href=\"https:\/\/soderberga.se\/wp-content\/uploads\/2020\/09\/SODERBERGABLADET_sept.pdf\">S\u00f6derbergabladet f\u00f6r september 2020<\/a><br><a href=\"https:\/\/soderberga.se\/wp-content\/uploads\/2020\/08\/SODERBERGABLADET_aug.pdf\">S\u00f6derbergabladet f\u00f6r augusti 2020<\/a><br><a href=\"https:\/\/soderberga.se\/wp-content\/uploads\/2020\/06\/SODERBERGABLADET_juni.pdf\">S\u00f6derbergabladet f\u00f6r juni 2020<\/a><br><a href=\"https:\/\/soderberga.se\/wp-content\/uploads\/2020\/05\/SODERBERGABLADET_maj.pdf\">S\u00f6derbergabladet f\u00f6r maj 2020<\/a><br><a href=\"https:\/\/soderberga.se\/wp-content\/uploads\/2020\/04\/SODERBERGABLADET_april.pdf\">S\u00f6derbergabladet f\u00f6r april 2020<\/a><br><a href=\"https:\/\/soderberga.se\/wp-content\/uploads\/2020\/03\/SODERBERGABLADET_mars.pdf\">S\u00f6derbergabladet f\u00f6r mars 2020<\/a><br><a href=\"https:\/\/soderberga.se\/wp-content\/uploads\/2020\/02\/SODERBERGABLADET_feb.pdf\">S\u00f6derbergabladet f\u00f6r februari 2020<\/a><br><a href=\"https:\/\/soderberga.se\/wp-content\/uploads\/2020\/01\/SODERBERGABLADET_jan.pdf\">S\u00f6derbergabladet f\u00f6r januari 2020<\/a><\/p><\/p>\n","protected":false},"excerpt":{"rendered":"<p>H\u00e4r hittar du tidigare S\u00f6derbergabladet. S\u00f6derbergabladet f\u00f6r december 2021S\u00f6derbergabladet f\u00f6r november 2021S\u00f6derbergabladet f\u00f6r oktober 2021S\u00f6derbergabladet f\u00f6r september 2021S\u00f6derbergabladet f\u00f6r augusti 2021S\u00f6derbergabladet f\u00f6r juni 2021S\u00f6derbergabladet f\u00f6r maj 2021S\u00f6derbergabladet f\u00f6r april 2021S\u00f6derbergabladet f\u00f6r mars 2021S\u00f6derbergabladet f\u00f6r februari 2021S\u00f6derbergabladet f\u00f6r januari 2021S\u00f6derbergabladet f\u00f6r december 2020S\u00f6derbergabladet f\u00f6r november 2020S\u00f6derbergabladet f\u00f6r oktober 2020S\u00f6derbergabladet f\u00f6r september 2020S\u00f6derbergabladet f\u00f6r augusti 2020S\u00f6derbergabladet f\u00f6r [&hellip;]<\/p>\n","protected":false},"author":6,"featured_media":0,"parent":0,"menu_order":0,"comment_status":"closed","ping_status":"closed","template":"","meta":{"footnotes":""},"class_list":["post-991","page","type-page","status-publish","hentry"],"aioseo_notices":[],"_links":{"self":[{"href":"https:\/\/soderberga.se\/index.php?rest_route=\/wp\/v2\/pages\/991","targetHints":{"allow":["GET"]}}],"collection":[{"href":"https:\/\/soderberga.se\/index.php?rest_route=\/wp\/v2\/pages"}],"about":[{"href":"https:\/\/soderberga.se\/index.php?rest_route=\/wp\/v2\/types\/page"}],"author":[{"embeddable":true,"href":"https:\/\/soderberga.se\/index.php?rest_route=\/wp\/v2\/users\/6"}],"replies":[{"embeddable":true,"href":"https:\/\/soderberga.se\/index.php?rest_route=%2Fwp%2Fv2%2Fcomments&post=991"}],"version-history":[{"count":19,"href":"https:\/\/soderberga.se\/index.php?rest_route=\/wp\/v2\/pages\/991\/revisions"}],"predecessor-version":[{"id":2166,"href":"https:\/\/soderberga.se\/index.php?rest_route=\/wp\/v2\/pages\/991\/revisions\/2166"}],"wp:attachment":[{"href":"https:\/\/soderberga.se\/index.php?rest_route=%2Fwp%2Fv2%2Fmedia&parent=991"}],"curies":[{"name":"wp","href":"https:\/\/api.w.org\/{rel}","templated":true}]}}