{"id":765,"date":"2019-08-27T17:34:57","date_gmt":"2019-08-27T15:34:57","guid":{"rendered":"http:\/\/soderberga.se\/?page_id=765"},"modified":"2023-01-31T18:28:16","modified_gmt":"2023-01-31T17:28:16","slug":"nycklar-och-las","status":"publish","type":"page","link":"https:\/\/soderberga.se\/?page_id=765","title":{"rendered":"Nycklar och l\u00e5s"},"content":{"rendered":"<p><strong>Felanm\u00e4lningar g\u00e4llande l\u00e5s och nycklar g\u00f6rs till Fasteko. <\/strong><span style=\"color: red;\">G\u00e4ller det en f\u00f6rlorad nyckel, kontakt L\u00e5spunkten direkt.<\/span> Hur och n\u00e4r du n\u00e5r dem kan du se p\u00e5 deras<strong><a style=\"font-style: inherit; font-weight: inherit;\" href=\"https:\/\/www.laspunkten.se\/kontakt\" target=\"_blank\" rel=\"noopener\"> hemsidan.<\/a><\/strong>\u00a0\u00c4r det akut kontaktar du en l\u00e5ssmed. Den som tappar sin nyckel st\u00e5r sj\u00e4lv f\u00f6r kostnaderna f\u00f6r l\u00e5ssmed och f\u00f6r att ers\u00e4tta den f\u00f6rlorade nyckeln.<\/p>\n<p><strong>Stockholm stad har nu inf\u00f6rt nyckelfri hemtj\u00e4nst<\/strong> i v\u00e5r f\u00f6rening. Det betyder att samtliga hemtj\u00e4nstut\u00f6vare har en egen tagg som de anv\u00e4nder f\u00f6r att komma in porten. Portkoden beh\u00f6ver allts\u00e5 inte l\u00e4mnas ut till hemtj\u00e4nstpersonal l\u00e4ngre. \u00c4r det problem s\u00e5 g\u00e5r man in p\u00e5 Stockholm Stads hemsida <a href=\"https:\/\/aldreomsorg.stockholm\/olika-former-av-aldreomsorg\/hemtjanst\/nyckelfri-hemtjanst\/\">https:\/\/aldreomsorg.stockholm\/olika-former-av-aldreomsorg\/hemtjanst\/nyckelfri-hemtjanst\/<\/a><br \/>\noch under felanm\u00e4lan fyller man i ett formul\u00e4r och beskriver felet s\u00e5 \u00e5terkommer de.<\/p>\n<p><strong>L\u00e4s bladet som f\u00f6ljde med nycklarna f\u00f6r att f\u00f6rst\u00e5 hur de nya <a href=\"https:\/\/soderberga.se\/wp-content\/uploads\/2021\/12\/iLOQ_cylinder-och-la\u030as.pdf\" target=\"_blank\" rel=\"noopener\">iLOQ-nycklarna funkar<\/a>.<\/strong><\/p>\n<p><strong>iLOQ-nyckeln <\/strong>fungerar f\u00f6r alla i samtliga sop- och \u00e5v-rum, till de f\u00f6rsta d\u00f6rrarna till tv\u00e4ttstuga\/bastu\/g\u00e4strum samt till de rum som boende i respektive port skall ha tillg\u00e5ng, s\u00e5 som cykelrum, barnvagnsrum, k\u00e4llare och vindsf\u00f6rr\u00e5d. Den anv\u00e4nds ocks\u00e5 i bommen in till g\u00e5rden. Ni som har en garageplats kan anv\u00e4nda nyckel som en &#8221;blipp&#8221; till garaget.<\/p>\n<p><strong>F\u00f6r att f\u00e5 tillg\u00e5ng till bokad tv\u00e4ttstuga, bastu och g\u00e4strum<\/strong> beh\u00f6ver du en elektronisk nyckelbricka, en tagg, fr\u00e5n Wise House. Den delades ut i samband med att informationstavlorna sattes upp.<\/p>\n<p><strong>Min nyckel fungerar inte i de d\u00f6rrar den borde funka, vad g\u00f6r jag?<\/strong><br \/>\nF\u00f6rst och fr\u00e4mst kan du prova igen. Var inte f\u00f6r snabb n\u00e4r du s\u00e4tter i nyckeln i l\u00e5set. Det \u00e4r h\u00f6g s\u00e4kerhet i systemet, vilket g\u00f6r att det inte g\u00e5r att \u00f6ppna d\u00f6rren om cylindern inte hinner l\u00e4sa av nyckeln.<\/p>\n<p>Hj\u00e4lper inte det, g\u00e5 till din port. H\u00e5ll nyckeln mot kodl\u00e4saren (symbolen under siffran 0) mellan 5-7 sekunder och v\u00e4nta p\u00e5 att det l\u00e5ter \u201dplong\u201d. Prova sedan nyckeln igen i den d\u00f6rr d\u00e4r den inte fungerade.<br \/>\nHj\u00e4lper inget av ovan, mejla styrelsen.<\/p>\n<p><strong>Inpassering med portkod<\/strong><br \/>\nF\u00f6r att komma in genom entr\u00e9d\u00f6rren med kod, tryck koden och #. F\u00f6r att komma in i din egen port kan du ocks\u00e5 anv\u00e4nda din nyckel som en tagg. Du h\u00e5ller d\u00e5 nyckel mot symbolen som sitter under 0 i n\u00e5gra sekunder, n\u00e4r det l\u00e5ter &#8221;plong&#8221; \u00e4r d\u00f6rren \u00f6ppen. I \u00f6vriga portar anv\u00e4nder du portkoden. Vi har en kod f\u00f6r medlemmar. Post, Bring, tidningsbud och andra har egna koder. Styrelsen informerar dem n\u00e4r dessa koder byts.<\/p>\n<p><strong>Har l\u00e5set till ditt postfack g\u00e5tt s\u00f6nder?<\/strong> G\u00f6r en felanm\u00e4lan till Fasteko.<\/p>\n<p><strong>F\u00f6rlorad nyckel<\/strong><br \/>\nOm du tappar din nyckel kontaktar du L\u00e5spunkten, ange din adress, portnr, ditt fyrsiffriga l\u00e4genhetsnr samt f\u00e4rgen p\u00e5 den nyckel du tappat, alternativt f\u00e4rgerna p\u00e5 de nycklar du har kvar, s\u00e5 sp\u00e4rrar de den borttappade nyckeln. Kontaktuppgifter till L\u00e5spunkten hittar du h\u00f6gst upp p\u00e5 denna sida. \u00c4r det akut kontaktar du en l\u00e5ssmed. Den som tappar sin nyckel st\u00e5r sj\u00e4lv f\u00f6r kostnaderna f\u00f6r l\u00e5ssmed och f\u00f6r att ers\u00e4tta den f\u00f6rlorade nyckeln.<\/p>\n<p><strong>Beh\u00f6ver du fler nycklar till din l\u00e4genhet?<\/strong><br \/>\nD\u00e5 mejlar du styrelsen, l\u00e4mna ditt namn, ditt portnr, ditt fyrsiffriga l\u00e4genhetsnr, varf\u00f6r du beh\u00f6ver en nyckel (borttappad eller skaffa extra) samt vilken nyckel du vill best\u00e4lla (till l\u00e4genheten eller den nya iLOQ-nyckeln). Vi meddelar d\u00e5 L\u00e5spunkten att du beh\u00f6ver fler nycklar. N\u00e4r det \u00e4r gjort f\u00e5r du meddelande att du kan g\u00e5 till L\u00e5spunkten (adress och \u00f6ppettider hittar du p\u00e5 l\u00e4nken h\u00f6gt upp p\u00e5 denna sida) och g\u00f6ra din best\u00e4llning. Nya nycklar och l\u00e5s bekostas av l\u00e4genhetsinnehavaren sj\u00e4lv.<\/p>\n<p><strong>Har du garageplats <\/strong><br \/>\nD\u00e5 kan du anv\u00e4nda din nyckel f\u00f6r att komma in i garaget, precis p\u00e5 samma s\u00e4tt som du &#8221;blippar&#8221; din in i porten, h\u00e5ll nyckel mot symbolen som sitter under 0 i n\u00e5gra sekunder, n\u00e4r det l\u00e5ter &#8221;plong&#8221; \u00e4r d\u00f6rren \u00f6ppen.<\/p>\n","protected":false},"excerpt":{"rendered":"<p>Felanm\u00e4lningar g\u00e4llande l\u00e5s och nycklar g\u00f6rs till Fasteko. G\u00e4ller det en f\u00f6rlorad nyckel, kontakt L\u00e5spunkten direkt. Hur och n\u00e4r du n\u00e5r dem kan du se p\u00e5 deras hemsidan.\u00a0\u00c4r det akut kontaktar du en l\u00e5ssmed. Den som tappar sin nyckel st\u00e5r sj\u00e4lv f\u00f6r kostnaderna f\u00f6r l\u00e5ssmed och f\u00f6r att ers\u00e4tta den f\u00f6rlorade nyckeln. Stockholm stad har [&hellip;]<\/p>\n","protected":false},"author":6,"featured_media":0,"parent":0,"menu_order":0,"comment_status":"closed","ping_status":"closed","template":"","meta":{"footnotes":""},"class_list":["post-765","page","type-page","status-publish","hentry"],"aioseo_notices":[],"_links":{"self":[{"href":"https:\/\/soderberga.se\/index.php?rest_route=\/wp\/v2\/pages\/765","targetHints":{"allow":["GET"]}}],"collection":[{"href":"https:\/\/soderberga.se\/index.php?rest_route=\/wp\/v2\/pages"}],"about":[{"href":"https:\/\/soderberga.se\/index.php?rest_route=\/wp\/v2\/types\/page"}],"author":[{"embeddable":true,"href":"https:\/\/soderberga.se\/index.php?rest_route=\/wp\/v2\/users\/6"}],"replies":[{"embeddable":true,"href":"https:\/\/soderberga.se\/index.php?rest_route=%2Fwp%2Fv2%2Fcomments&post=765"}],"version-history":[{"count":99,"href":"https:\/\/soderberga.se\/index.php?rest_route=\/wp\/v2\/pages\/765\/revisions"}],"predecessor-version":[{"id":2323,"href":"https:\/\/soderberga.se\/index.php?rest_route=\/wp\/v2\/pages\/765\/revisions\/2323"}],"wp:attachment":[{"href":"https:\/\/soderberga.se\/index.php?rest_route=%2Fwp%2Fv2%2Fmedia&parent=765"}],"curies":[{"name":"wp","href":"https:\/\/api.w.org\/{rel}","templated":true}]}}