{"id":675,"date":"2019-05-23T19:22:18","date_gmt":"2019-05-23T17:22:18","guid":{"rendered":"http:\/\/soderberga.se\/?page_id=675"},"modified":"2021-06-02T20:55:58","modified_gmt":"2021-06-02T18:55:58","slug":"projekt-energi","status":"publish","type":"page","link":"https:\/\/soderberga.se\/?page_id=675","title":{"rendered":"H\u00e5llbarhet i f\u00f6reningen"},"content":{"rendered":"<p>Denna sidan inneh\u00e5ller information om hur vi l\u00f6pande arbetar med h\u00e5llbarhet i v\u00e5r f\u00f6rening.<\/p>\n<p><strong>Sortera ditt matavfall<\/strong><br \/>\nN\u00e4stan 40% av det som hamnar i sopp\u00e5sen \u00e4r matavfall. Om matresterna ist\u00e4llet sorteras ut kan de omvandlas till biogas och biog\u00f6dsel och f\u00f6reningen kan spara pengar.<br \/>\nFr\u00e5n och med december 2020 kommer det att finnas k\u00e4rl f\u00f6r matavfall i alla soprum. Alla medlemmar som vill har m\u00f6jlighet att sortera sitt matavfall. Det finns ett startkit som inneh\u00e5ller p\u00e5sh\u00e5llare + p\u00e5sar f\u00f6r matavfall. Har du inte b\u00f6rjat sortera matavfall \u00e4nnu? Mejla d\u00e5 styrelsen@soderberga.se och ange ditt namn och vilken port du bor i s\u00e5 fixar vi det. Fler matavfallsp\u00e5sar finns i soprummen vid port 15 och 31.<\/p>\n<p>Jord, krukv\u00e4xter och snittblommor, r\u00e4knas det som matavfall?<br \/>\nNej det g\u00f6r det inte, men du kan l\u00e4mna det i k\u00e4rlet f\u00f6r tr\u00e4dg\u00e5rdsavfall som vi har p\u00e5 g\u00e5rden, vid tv\u00e4ttstuga 2. L\u00e4s ocks\u00e5 <a href=\"https:\/\/www.stockholmvattenochavfall.se\/matavfall\/villa_radhus\/Sortera_ratt_villa\/hushall-och-pentryn\/\">h\u00e4r hur du skall sortera<\/a> ditt avfall, och vad som r\u00e4knas som matavfall och inte.<\/p>\n<p><strong>Bergv\u00e4rme<\/strong><br \/>\nSedan h\u00f6sten 2019 v\u00e4rms hela fastigheten upp med bergv\u00e4rme. Bergv\u00e4rme kr\u00e4ver inte n\u00e5gon typ av f\u00f6rbr\u00e4nning, vilket g\u00f6r att\u00a0utsl\u00e4ppen av kv\u00e4veoxid, kolv\u00e4te och koldioxid minskar markant i j\u00e4mf\u00f6relse med v\u00e4rmesystem som h\u00e4mtar energi ut fossila br\u00e4nslen. Bergv\u00e4rme \u00e4r ren solenergi. Solv\u00e4rmen lagras i marken. F\u00f6rst p\u00e5 ytan, och sedan allt l\u00e4ngre ner.<\/p>\n<p><strong>Laddstolpar f\u00f6r elbil<\/strong><br \/>\nI samband med att vi gick \u00f6ver till bergv\u00e4rme installerade vi laddplatser f\u00f6r elbilar. Det finns f\u00f6r n\u00e4rvarande fyra laddplatser i v\u00e5r f\u00f6reningen, tv\u00e5 i garaget och tv\u00e5 ute. Det finns ett stort intresse f\u00f6r dessa, s\u00e5 vi ser nu \u00f6ver hur vi p\u00e5 ett enkelt och snabbt s\u00e4tt kan ut\u00f6ka antalet laddplatser, allteftersom efterfr\u00e5gan i v\u00e5r f\u00f6rening \u00f6kar. Just nu har varje elbil sin fasta plats, men n\u00e4r det blir flera elbilar kan platserna delas mellan fordonen under en period, fram tills dess att vi kompletterat med fler platser<\/p>\n<p><strong>Nollzon<\/strong><br \/>\nF\u00f6reningen \u00e4r ansluten till nollzon. Nollzon en ideell f\u00f6rening som vill bidra till en tystare och renare n\u00e4rmilj\u00f6. Det inneb\u00e4r att n\u00e4r vi nu best\u00e4ller taxi ges elbilstaxi f\u00f6rtur, men om elbil ej finns tillg\u00e4nglig, skickas en vanlig taxi. \u00c4r du nyfiken kan du l\u00e4sa mer p\u00e5 nollzon.se.<\/p>\n","protected":false},"excerpt":{"rendered":"<p>Denna sidan inneh\u00e5ller information om hur vi l\u00f6pande arbetar med h\u00e5llbarhet i v\u00e5r f\u00f6rening. Sortera ditt matavfall N\u00e4stan 40% av det som hamnar i sopp\u00e5sen \u00e4r matavfall. Om matresterna ist\u00e4llet sorteras ut kan de omvandlas till biogas och biog\u00f6dsel och f\u00f6reningen kan spara pengar. Fr\u00e5n och med december 2020 kommer det att finnas k\u00e4rl f\u00f6r [&hellip;]<\/p>\n","protected":false},"author":6,"featured_media":0,"parent":0,"menu_order":-3,"comment_status":"closed","ping_status":"closed","template":"","meta":{"footnotes":""},"class_list":["post-675","page","type-page","status-publish","hentry"],"aioseo_notices":[],"_links":{"self":[{"href":"https:\/\/soderberga.se\/index.php?rest_route=\/wp\/v2\/pages\/675","targetHints":{"allow":["GET"]}}],"collection":[{"href":"https:\/\/soderberga.se\/index.php?rest_route=\/wp\/v2\/pages"}],"about":[{"href":"https:\/\/soderberga.se\/index.php?rest_route=\/wp\/v2\/types\/page"}],"author":[{"embeddable":true,"href":"https:\/\/soderberga.se\/index.php?rest_route=\/wp\/v2\/users\/6"}],"replies":[{"embeddable":true,"href":"https:\/\/soderberga.se\/index.php?rest_route=%2Fwp%2Fv2%2Fcomments&post=675"}],"version-history":[{"count":22,"href":"https:\/\/soderberga.se\/index.php?rest_route=\/wp\/v2\/pages\/675\/revisions"}],"predecessor-version":[{"id":1512,"href":"https:\/\/soderberga.se\/index.php?rest_route=\/wp\/v2\/pages\/675\/revisions\/1512"}],"wp:attachment":[{"href":"https:\/\/soderberga.se\/index.php?rest_route=%2Fwp%2Fv2%2Fmedia&parent=675"}],"curies":[{"name":"wp","href":"https:\/\/api.w.org\/{rel}","templated":true}]}}