{"id":215,"date":"2017-10-01T23:39:32","date_gmt":"2017-10-01T21:39:32","guid":{"rendered":"http:\/\/soderberga.se\/?page_id=215"},"modified":"2025-03-17T21:31:10","modified_gmt":"2025-03-17T20:31:10","slug":"felanmalan","status":"publish","type":"page","link":"https:\/\/soderberga.se\/?page_id=215","title":{"rendered":"Felanm\u00e4lan"},"content":{"rendered":"<h3>Vid fara f\u00f6r liv eller h\u00e4lsa<\/h3>\n<p>Ring alltid 112<\/p>\n<h3>Journummer<\/h3>\n<p>Journummer vid vattenl\u00e4cka eller akuta problem: <b>020 &#8211; 212 112<\/b><br \/>\nMissbruk debiteras.<\/p>\n<h3>Kontaktinformation vid fel eller problem<\/h3>\n<p><strong>Hissarna och garageporten<\/strong><br \/>\n<strong>S:t Eriks Hiss, <\/strong>felanm\u00e4lan, ring dygnet runt p\u00e5 08-522 258 00 eller p\u00e5 tfn 0417-788 32<\/p>\n<p><strong>TV<\/strong><br \/>\nTelenor: 020-222 222<\/p>\n<p><strong>Bredband<\/strong><br \/>\nOwnit: 08-525 07 300<\/p>\n<h3>\u00d6vriga problem<\/h3>\n<p>Anv\u00e4nd i f\u00f6rsta hand nedanst\u00e5ende formul\u00e4r, d\u00e5 registreras anm\u00e4lan som ett \u00e4rende. I undantagsfall,\u00a0ring 08-83 36 26 eller maila till <a href=\"mailto:info@fasteko.se\">info@fasteko.se<\/a><\/p>\n<p><strong>Vem betalar vad n\u00e4r du felanm\u00e4ler?<\/strong><br \/>\nBostadsr\u00e4ttsinnehavaren ansvarar f\u00f6r att p\u00e5 egen bekostnad h\u00e5lla det inre av l\u00e4genheten och tillh\u00f6rande utrymmen i gott skick. Detta g\u00e4ller \u00e4ven mark, balkong eller terrass samt f\u00f6rr\u00e5d. Vilket ansvar du som bostadsr\u00e4ttsinnehavaren har kan du l\u00e4sa mer om i v\u00e5ra stadgar, <a href=\"https:\/\/soderberga.se\/wp-content\/uploads\/2025\/03\/Stadgar-antagna-2023.pdf\" target=\"_blank\" rel=\"noopener\">du hittar dem h\u00e4r!<\/a> L\u00e4s under &#8221;17\u00a7 Bostadsr\u00e4ttshavarens ansvar&#8221;.<\/p>\n<p>Fastekos fr\u00e4msta uppgift \u00e4r att sk\u00f6ta fastigheten \u00e5t f\u00f6reningen. Men de hj\u00e4lper ocks\u00e5 ibland boende med arbeten i deras l\u00e4genheter, med saker som inte \u00e4r f\u00f6reningens ansvar. Detta \u00e4r en extraservice som de erbjuder men den boende skall st\u00e5 f\u00f6r kostnaden. Fasteko vill d\u00e4rf\u00f6r informerar alla boende om vad som g\u00e4ller n\u00e4r de \u00e5tg\u00e4rdar fel som boende \u00e4r betalningsansvarig f\u00f6r. <a href=\"https:\/\/soderberga.se\/wp-content\/uploads\/2022\/02\/Felanma\u0308lningar-boende.pdf\" target=\"_blank\" rel=\"noopener\">L\u00e4s d\u00e4rf\u00f6r igenom dokumentet h\u00e4r<\/a> s\u00e5 du vet vad som g\u00e4ller innan du g\u00f6r en felanm\u00e4lan.<\/p>\n<p><iframe loading=\"lazy\" src=\"https:\/\/fasteko.summera.support\/forms\/default.aspx?WK=3MDHVQ0BTO3T0JA\" width=\"100%\" height=\"900px\"><\/iframe><br \/>\nI det fall kostnader skall betalas av f\u00f6reningen skall leverant\u00f6rer maila fakturor till\u00a0<a href=\"mailto:inbox.lev.320202@arkivplats.se\">inbox.lev.320202@arkivplats.se<\/a>\u00a0med adressen:<\/p>\n<p>Brf S\u00f6derberga All\u00e9<br \/>\nC\/O ViRedo AB<br \/>\nBox 55642<br \/>\n102 14 Stockholm<\/p>\n","protected":false},"excerpt":{"rendered":"<p>Vid fara f\u00f6r liv eller h\u00e4lsa Ring alltid 112 Journummer Journummer vid vattenl\u00e4cka eller akuta problem: 020 &#8211; 212 112 Missbruk debiteras. Kontaktinformation vid fel eller problem Hissarna och garageporten S:t Eriks Hiss, felanm\u00e4lan, ring dygnet runt p\u00e5 08-522 258 00 eller p\u00e5 tfn 0417-788 32 TV Telenor: 020-222 222 Bredband Ownit: 08-525 07 300 [&hellip;]<\/p>\n","protected":false},"author":6,"featured_media":0,"parent":0,"menu_order":0,"comment_status":"closed","ping_status":"closed","template":"","meta":{"footnotes":""},"class_list":["post-215","page","type-page","status-publish","hentry"],"aioseo_notices":[],"_links":{"self":[{"href":"https:\/\/soderberga.se\/index.php?rest_route=\/wp\/v2\/pages\/215","targetHints":{"allow":["GET"]}}],"collection":[{"href":"https:\/\/soderberga.se\/index.php?rest_route=\/wp\/v2\/pages"}],"about":[{"href":"https:\/\/soderberga.se\/index.php?rest_route=\/wp\/v2\/types\/page"}],"author":[{"embeddable":true,"href":"https:\/\/soderberga.se\/index.php?rest_route=\/wp\/v2\/users\/6"}],"replies":[{"embeddable":true,"href":"https:\/\/soderberga.se\/index.php?rest_route=%2Fwp%2Fv2%2Fcomments&post=215"}],"version-history":[{"count":54,"href":"https:\/\/soderberga.se\/index.php?rest_route=\/wp\/v2\/pages\/215\/revisions"}],"predecessor-version":[{"id":2620,"href":"https:\/\/soderberga.se\/index.php?rest_route=\/wp\/v2\/pages\/215\/revisions\/2620"}],"wp:attachment":[{"href":"https:\/\/soderberga.se\/index.php?rest_route=%2Fwp%2Fv2%2Fmedia&parent=215"}],"curies":[{"name":"wp","href":"https:\/\/api.w.org\/{rel}","templated":true}]}}