{"id":1289,"date":"2020-12-06T19:58:15","date_gmt":"2020-12-06T18:58:15","guid":{"rendered":"http:\/\/soderberga.se\/?page_id=1289"},"modified":"2023-01-05T09:23:31","modified_gmt":"2023-01-05T08:23:31","slug":"digital-informationsportal","status":"publish","type":"page","link":"https:\/\/soderberga.se\/?page_id=1289","title":{"rendered":"Digital informationsportal"},"content":{"rendered":"<p>I alla portar finns digitala informationstavlor dit styrelsen och v\u00e5r f\u00f6rvaltare Fasteko kan skicka information. Tavlorna har touchfunktion och f\u00f6rutom att visa information visar de \u00e4ven vilka som bor p\u00e5 varje v\u00e5ning. Genom ett inloggningssystem kan de boende logga in och l\u00e4sa allm\u00e4n information och eventuell personlig information. Det \u00e4r ocks\u00e5 h\u00e4r du bokar tv\u00e4ttstuga, bastu och g\u00e4strum. Det finns tre s\u00e4tt att logga in p\u00e5, via sk\u00e4rmen i entr\u00e9n, via Wise House-app och p\u00e5 webben.<\/p>\n<p><strong>S\u00c5 H\u00c4R LOGGAR DU IN P\u00c5 SK\u00c4RMEN I ENTR\u00c9<\/strong><strong>N<\/strong><br \/>\nH\u00e5ll den gula taggen mot den lilla Wise House ikonen i mitten av sk\u00e4rmens underkant s\u00e5 loggas du automatiskt in p\u00e5 din l\u00e4genhets sida (du ser ditt namn i \u00f6vre h\u00f6gra h\u00f6rnet). Nu kan du l\u00e4sa all information, boka tv\u00e4ttstuga, bastu och g\u00e4strum.<\/p>\n<p><strong>S\u00c5 H\u00c4R LOGGAR DU IN I APPEN<\/strong><br \/>\nLadda ner Wise House app (det \u00e4r kostnadsfritt). Ange <strong>brfsoderbergaalle<\/strong> som namn, klicka \u201dregistrera\u201d. Ange ditt anv\u00e4ndarnamn och l\u00f6sen som har du f\u00e5tt information om i din brevl\u00e5da eller i v\u00e4lkomstbrevet som delas ut till nyinflyttade. Nu kan du l\u00e4sa all information, boka tv\u00e4ttstuga, bastu och g\u00e4strum.<\/p>\n<p><strong>Viktigt:<\/strong> F\u00f6rsta g\u00e5ngen du loggar in m\u00e5ste du byta l\u00f6senord. Det g\u00f6r du genom att logga in p\u00e5 webben. T\u00e4nk p\u00e5 att systemet kommunicerar med l\u00e4genheten, inte med varje person som bor i l\u00e4genheten. V\u00e4lj d\u00e4rf\u00f6r ett l\u00f6senord som alla kan komma ih\u00e5g, eller skriv upp det p\u00e5 en lapp och s\u00e4tt p\u00e5 till exempel kylsk\u00e5pet.<\/p>\n<p><strong>S\u00c5 H\u00c4R LOGGAR DU IN P\u00c5 WEBBEN VIA DIN DATOR ELLER SURFPLATTA<\/strong><br \/>\nDu hittar <a href=\"https:\/\/brfsoderbergaalle.wisehouse.se\/login\/login\">inloggningsl\u00e4nken h\u00e4r<\/a>. Anv\u00e4ndarnamn och l\u00f6sen har du f\u00e5tt i din brevl\u00e5da eller i v\u00e4lkomstbrevet som delas ut till nyinflyttade. Nu kan du l\u00e4sa all information, boka tv\u00e4ttstuga, bastu och g\u00e4strum.<\/p>\n<p><strong>Viktigt:<\/strong> F\u00f6rsta g\u00e5ngen du loggar in m\u00e5ste du byta l\u00f6senord. T\u00e4nk p\u00e5 att systemet kommunicerar med l\u00e4genheten, inte med varje person som bor i l\u00e4genheten. V\u00e4lj d\u00e4rf\u00f6r ett l\u00f6senord som alla kan komma ih\u00e5g, eller skriv upp det p\u00e5 en lapp och s\u00e4tt p\u00e5 till exempel kylsk\u00e5pet.<\/p>\n<p><strong>F\u00f6rdelar med systemet<\/strong><\/p>\n<ul>\n<li>Alla boende kan snabbt, via tavlorna i alla portar, n\u00e5s av viktig information utan att beh\u00f6va dator eller smartphone. \u00c4ven alla som inte har Facebook kan n\u00e5s.<\/li>\n<li>De boende som vill kan n\u00e4r som helst komma \u00e5t informationen via en dator eller smartphone. Det g\u00f6r de genom att logga in, se ovan.<\/li>\n<li>Styrelsen kan skicka information till ett urval av medlemmar, till exempel alla i en viss port. Det kan till exempel handla om att en vattenl\u00e4cka uppt\u00e4ckts och att vi snabbt beh\u00f6ver informera om \u00e5tg\u00e4rder f\u00f6r att begr\u00e4nsa skadorna.<\/li>\n<li>Vid andrahandsuthyrningar kan styrelsen na\u030a b\u00e5de a\u0308gare och boende.<\/li>\n<li>Systemet m\u00f6jligg\u00f6r omr\u00f6stningar bland medlemmarna.<\/li>\n<li>Systemet kan visa vilka som har l\u00e4st viktig information som distribuerats via systemet.<\/li>\n<li>Styrelsens arbete effektiviseras. Vi anser att medlemmarna ska informeras regelbundet och l\u00e4gger d\u00e4rf\u00f6r mycket tid p\u00e5 att dela ut information till de 127 l\u00e4genheter i v\u00e5ra nio trapphus. Med systemet kan styrelsen anv\u00e4nda mycket av den tiden b\u00e4ttre.<\/li>\n<\/ul>\n<p>N\u00e4r det finns personlig information till dig kommer du att se en liten r\u00f6d punkt framf\u00f6r ditt namn p\u00e5 sk\u00e4rmen. Annars ligger gemensam information och rullar p\u00e5 tavlan. Du kan ocks\u00e5 alltid logga in och d\u00e4r ta del av all info som ligger p\u00e5 sk\u00e4rmen.<\/p>\n","protected":false},"excerpt":{"rendered":"<p>I alla portar finns digitala informationstavlor dit styrelsen och v\u00e5r f\u00f6rvaltare Fasteko kan skicka information. Tavlorna har touchfunktion och f\u00f6rutom att visa information visar de \u00e4ven vilka som bor p\u00e5 varje v\u00e5ning. Genom ett inloggningssystem kan de boende logga in och l\u00e4sa allm\u00e4n information och eventuell personlig information. Det \u00e4r ocks\u00e5 h\u00e4r du bokar tv\u00e4ttstuga, [&hellip;]<\/p>\n","protected":false},"author":6,"featured_media":0,"parent":0,"menu_order":0,"comment_status":"closed","ping_status":"closed","template":"","meta":{"footnotes":""},"class_list":["post-1289","page","type-page","status-publish","hentry"],"aioseo_notices":[],"_links":{"self":[{"href":"https:\/\/soderberga.se\/index.php?rest_route=\/wp\/v2\/pages\/1289","targetHints":{"allow":["GET"]}}],"collection":[{"href":"https:\/\/soderberga.se\/index.php?rest_route=\/wp\/v2\/pages"}],"about":[{"href":"https:\/\/soderberga.se\/index.php?rest_route=\/wp\/v2\/types\/page"}],"author":[{"embeddable":true,"href":"https:\/\/soderberga.se\/index.php?rest_route=\/wp\/v2\/users\/6"}],"replies":[{"embeddable":true,"href":"https:\/\/soderberga.se\/index.php?rest_route=%2Fwp%2Fv2%2Fcomments&post=1289"}],"version-history":[{"count":54,"href":"https:\/\/soderberga.se\/index.php?rest_route=\/wp\/v2\/pages\/1289\/revisions"}],"predecessor-version":[{"id":2269,"href":"https:\/\/soderberga.se\/index.php?rest_route=\/wp\/v2\/pages\/1289\/revisions\/2269"}],"wp:attachment":[{"href":"https:\/\/soderberga.se\/index.php?rest_route=%2Fwp%2Fv2%2Fmedia&parent=1289"}],"curies":[{"name":"wp","href":"https:\/\/api.w.org\/{rel}","templated":true}]}}