{"id":108,"date":"2017-09-30T21:59:32","date_gmt":"2017-09-30T19:59:32","guid":{"rendered":"http:\/\/soderberga.se\/?page_id=108"},"modified":"2025-11-15T14:01:38","modified_gmt":"2025-11-15T13:01:38","slug":"dokument-2","status":"publish","type":"page","link":"https:\/\/soderberga.se\/?page_id=108","title":{"rendered":"Dokument"},"content":{"rendered":"<h3>F\u00f6reningsdokument<\/h3>\n<ul>\n<li><a href=\"https:\/\/soderberga.se\/wp-content\/uploads\/2025\/03\/Stadgar-antagna-2023.pdf\"><strong>Stadgar<\/strong><\/a>\u00a0<em>F\u00f6reningens stadgar<\/em>.<\/li>\n<li><a href=\"https:\/\/soderberga.se\/wp-content\/uploads\/2025\/11\/Trivselregler-for-Brf-Soderberga-Alle.docx.pdf\"><strong>Trivselregler<\/strong><\/a>\u00a0<em>Trivselregler som alla medlemmar b\u00f6r k\u00e4nna till.<\/em><\/li>\n<li><a href=\"https:\/\/soderberga.se\/wp-content\/uploads\/2018\/04\/Parkeringspolicy-fo\u0308r-BRF-So\u0308derberga-alle\u0301.pdf\"><strong>Parkeringspolicy <\/strong><\/a><em>Policy f\u00f6r garage och parkering.<\/em><\/li>\n<\/ul>\n<h3>Manualer och information<\/h3>\n<ul>\n<li><a href=\"https:\/\/soderberga.se\/wp-content\/uploads\/2022\/10\/presentation-infomo\u0308tet-2022-send-out.pdf\"><strong>Presentation informationsm\u00f6te, okt 2022<\/strong><\/a><\/li>\n<li><a href=\"https:\/\/soderberga.se\/?page_id=200\"><strong>Vanliga fr\u00e5gor och svar<\/strong><\/a><\/li>\n<li><a href=\"https:\/\/soderberga.se\/wp-content\/uploads\/2022\/10\/Nyckelfri-hemtja\u0308nst-alla-foldrar-2022-09-20.pdf\"><strong>Nyckelfri hemtj\u00e4nst folder<\/strong><\/a> &#8211; installerat<\/li>\n<li><strong><a href=\"https:\/\/soderberga.se\/wp-content\/uploads\/2021\/10\/Anteckningar-informationsmote-okt2021.pdf\">Anteckningar fr\u00e5n informationsm\u00f6te, okt 2021<\/a><\/strong><\/li>\n<li><a href=\"https:\/\/soderberga.se\/wp-content\/uploads\/2020\/09\/SOPHANTERING_SORTERING_sv.pdf\"><strong>Sophantering och sortering<\/strong><\/a><\/li>\n<li><a href=\"https:\/\/soderberga.se\/wp-content\/uploads\/2020\/10\/Termostaterna-och-va\u0308rme2020.pdf\"><strong>Termostater och v\u00e4rmejustering<\/strong><\/a><\/li>\n<li><a href=\"\/wp-content\/uploads\/2018\/01\/element_och_filter.pdf\"><strong>Element och filter<\/strong><\/a><\/li>\n<li><a href=\"\/wp-content\/uploads\/2018\/01\/varme_och_vatten.pdf\"><strong>V\u00e4rme och vatten<\/strong><\/a><\/li>\n<li><a href=\"\/wp-content\/uploads\/2018\/01\/ventilation.pdf\"><strong>Ventilation<\/strong><\/a><\/li>\n<li><a href=\"https:\/\/soderberga.se\/wp-content\/uploads\/2022\/04\/Va\u0308lkommenbroschyr_v7.pdf\"><strong>V\u00e4lkommen till Ownit<\/strong><\/a><\/li>\n<li><a href=\"\/wp-content\/uploads\/2018\/01\/Fabriksaterstallning-ADB-5720.pdf\"><strong>Fabriks\u00e5terst\u00e4llning och kanals\u00f6kning, digitaltvbox<\/strong><\/a><\/li>\n<\/ul>\n<h3>F\u00f6r m\u00e4klare<\/h3>\n<ul>\n<li><a href=\"https:\/\/soderberga.se\/wp-content\/uploads\/2020\/11\/Parktra\u0308det-2-Energideklaration-20201106.pdf\"><strong>Energideklarationer<\/strong><\/a><\/li>\n<\/ul>\n\n\n<p><\/p>\n","protected":false},"excerpt":{"rendered":"<p>F\u00f6reningsdokument Stadgar\u00a0F\u00f6reningens stadgar. Trivselregler\u00a0Trivselregler som alla medlemmar b\u00f6r k\u00e4nna till. Parkeringspolicy Policy f\u00f6r garage och parkering. Manualer och information Presentation informationsm\u00f6te, okt 2022 Vanliga fr\u00e5gor och svar Nyckelfri hemtj\u00e4nst folder &#8211; installerat Anteckningar fr\u00e5n informationsm\u00f6te, okt 2021 Sophantering och sortering Termostater och v\u00e4rmejustering Element och filter V\u00e4rme och vatten Ventilation V\u00e4lkommen till Ownit Fabriks\u00e5terst\u00e4llning och [&hellip;]<\/p>\n","protected":false},"author":6,"featured_media":40,"parent":0,"menu_order":0,"comment_status":"closed","ping_status":"closed","template":"","meta":{"footnotes":""},"class_list":["post-108","page","type-page","status-publish","has-post-thumbnail","hentry"],"aioseo_notices":[],"_links":{"self":[{"href":"https:\/\/soderberga.se\/index.php?rest_route=\/wp\/v2\/pages\/108","targetHints":{"allow":["GET"]}}],"collection":[{"href":"https:\/\/soderberga.se\/index.php?rest_route=\/wp\/v2\/pages"}],"about":[{"href":"https:\/\/soderberga.se\/index.php?rest_route=\/wp\/v2\/types\/page"}],"author":[{"embeddable":true,"href":"https:\/\/soderberga.se\/index.php?rest_route=\/wp\/v2\/users\/6"}],"replies":[{"embeddable":true,"href":"https:\/\/soderberga.se\/index.php?rest_route=%2Fwp%2Fv2%2Fcomments&post=108"}],"version-history":[{"count":55,"href":"https:\/\/soderberga.se\/index.php?rest_route=\/wp\/v2\/pages\/108\/revisions"}],"predecessor-version":[{"id":2685,"href":"https:\/\/soderberga.se\/index.php?rest_route=\/wp\/v2\/pages\/108\/revisions\/2685"}],"wp:featuredmedia":[{"embeddable":true,"href":"https:\/\/soderberga.se\/index.php?rest_route=\/wp\/v2\/media\/40"}],"wp:attachment":[{"href":"https:\/\/soderberga.se\/index.php?rest_route=%2Fwp%2Fv2%2Fmedia&parent=108"}],"curies":[{"name":"wp","href":"https:\/\/api.w.org\/{rel}","templated":true}]}}